{"id":366,"date":"2020-03-16T12:57:31","date_gmt":"2020-03-16T12:57:31","guid":{"rendered":"https:\/\/aeroelastic.hr\/uvjeti-poslovanja\/"},"modified":"2020-03-16T12:57:31","modified_gmt":"2020-03-16T12:57:31","slug":"uvjeti-poslovanja","status":"publish","type":"page","link":"https:\/\/aeroelastic.hr\/hr\/uvjeti-poslovanja\/","title":{"rendered":"UVJETI POSLOVANJA"},"content":{"rendered":"\n<p>Narud\u017eba u e-mailu treba sadr\u017eavati naziv, model i koli\u010dinu robe koja se naru\u010duje, puno ime i prezime kupca-naru\u010ditelja i primatelja po\u0161iljke (i\/ili naziv tvrtke i MB za R1 ra\u010dun), to\u010dnu adresu s po\u0161tanskim brojem mjesta, te rok uru\u010denja i na\u010din pla\u0107anja. Obavezno navesti broj telefona ili mobitela zbog mogu\u0107e provjere narud\u017ebe i uru\u010denja po\u0161iljke.<\/p>\n\n<p>Sva roba naru\u010dena do 14 h \u0161alje se Overseas Expressom ve\u0107 istog radnog dana. Rok uru\u010denja ovisi o mjestu primatelja, a mo\u017ee biti ve\u0107 idu\u0107i radni dan do 8.30, do 10.30 ili iza 10.30 h, te subotom. Pla\u0107anje robe se vr\u0161i prilikom uru\u010denja po\u0161iljke (otkupnina pouze\u0107em) ili unaprijed na \u017eiro ra\u010dun Aeroelastic j.d.o.o. po izboru kupca. Sve tro\u0161kove dostave i povrata po\u0161iljke pla\u0107a kupac-naru\u010ditelj, a ovise o mjestu primatelja, te\u017eini i vrijednosti po\u0161iljke, roku uru\u010denja i na\u010dinu pla\u0107anja. Kod zamjena, povrata, jamstvenih reklamacija tro\u0161kove slanja snosi kupac. Prije samog slanja proizvoda, ukoliko imate potrebu za povratom sredstava, zamjenom proizvoda ili reklamacijom kontaktirajte nas putem na\u0161e e-mail adrese ili na\u0161eg telefona radi lak\u0161eg dogovora. Povrat sredstava se mo\u017ee izvr\u0161iti samo za proizvode koji su neo\u0161te\u0107eni, u originalnom neo\u0161te\u0107enom pakiranju bez vidljivih tragova kori\u0161tenja te ukoliko je reklamacija zaprimljena u roku od 7 dana od datuma isporuke.<\/p>\n\n<p>Cijene transporta se obra\u010dunavaju prilikom kupnje tj. narud\u017ebe u Internet trgovini. Unaprijed pla\u0107ena roba koja se preuzima u trgovini se \u010duva 60 dana od uplate na ime kupca, na adresi Dobojska 36a, 10000 Zagreb. Ukoliko se kupac u roku od 60 dana ne javi kako bi preuzeo robu ili kako bi dogovorili isporuku robe, nakon isteka perioda od 60 dana se napla\u0107uje le\u017earina, tj. naknada za skladi\u0161tenje u iznosu 10,00 kn + PDV po danu. Nakon tog perioda, kupac mo\u017ee preuzeti robu nakon uplate kompletnog iznosa le\u017earine, tj. skladi\u0161tenja i tro\u0161kova dostave, ukoliko je dostava potrebna.<\/p>\n\n<p>Masa paketa, Bez otkupnine (pla\u0107anje po ponudi), Sa otkupninom (pla\u0107anje pouze\u0107em) 0.00kg do 2.00kg, 28.00 kn, 33.00 kn 2.01kg do 5.00kg, 33.00 kn, 38.00 kn 5.01kg do 10.00kg, 36.00 kn, 41.00 kn 10.01kg do 15.00kg, 40.00 kn, 45.00 kn 15.01kg do 20.00kg, 47.00 kn, 52.00 kn<\/p>\n\n<p>Navedene cijene vrijede za podru\u010dje Republike Hrvatske. Za cijene dostave u druge dr\u017eave, kontaktirajte nas putem e-maila ili na broj telefona +38513097084 .<\/p>\n\n<p>Aeroelastic j.d.o.o. se izuzima do najvi\u0161e Zakonom dopu\u0161tene odgovornosti za mogu\u0107e ne\u017eeljene posljedice (\u0161tetu i ozljede) nastale zbog lo\u0161eg prijevoza, skladi\u0161tenja, kori\u0161tenja ili zlouporabe proizvoda naru\u010denih ovim putem, tj. ne odgovara za nestru\u010dno i nepravilno postupanje istima. Punu odgovornost za narud\u017ebu i sve dane podatke u narud\u017ebi te posljedice koje bi mogle nastati uslijed toga, snosi sam naru\u010ditelj.<\/p>\n\n<p>Svoju narud\u017ebu, primjedbu, prigovor, pohvalu ili bilo kakav upit mo\u017eete poslati ovim e-mailom. Narud\u017ebom potvr\u0111ujete suglasnost s ovim uvjetima narud\u017ebe i kupnje te ujedno prihva\u0107ate sva pravila .<\/p>\n","protected":false},"excerpt":{"rendered":"<p>Narud\u017eba u e-mailu treba sadr\u017eavati naziv, model i koli\u010dinu robe koja se naru\u010duje, puno ime i prezime kupca-naru\u010ditelja i primatelja po\u0161iljke (i\/ili naziv tvrtke i MB za R1 ra\u010dun), to\u010dnu adresu s po\u0161tanskim brojem mjesta, te rok uru\u010denja i na\u010din pla\u0107anja. Obavezno navesti broj telefona ili mobitela zbog mogu\u0107e provjere narud\u017ebe i uru\u010denja po\u0161iljke. Sva [&hellip;]<\/p>\n","protected":false},"author":41,"featured_media":0,"parent":0,"menu_order":0,"comment_status":"closed","ping_status":"closed","template":"","meta":{"footnotes":""},"class_list":["post-366","page","type-page","status-publish","hentry"],"_links":{"self":[{"href":"https:\/\/aeroelastic.hr\/hr\/wp-json\/wp\/v2\/pages\/366","targetHints":{"allow":["GET"]}}],"collection":[{"href":"https:\/\/aeroelastic.hr\/hr\/wp-json\/wp\/v2\/pages"}],"about":[{"href":"https:\/\/aeroelastic.hr\/hr\/wp-json\/wp\/v2\/types\/page"}],"author":[{"embeddable":true,"href":"https:\/\/aeroelastic.hr\/hr\/wp-json\/wp\/v2\/users\/41"}],"replies":[{"embeddable":true,"href":"https:\/\/aeroelastic.hr\/hr\/wp-json\/wp\/v2\/comments?post=366"}],"version-history":[{"count":1,"href":"https:\/\/aeroelastic.hr\/hr\/wp-json\/wp\/v2\/pages\/366\/revisions"}],"predecessor-version":[{"id":367,"href":"https:\/\/aeroelastic.hr\/hr\/wp-json\/wp\/v2\/pages\/366\/revisions\/367"}],"wp:attachment":[{"href":"https:\/\/aeroelastic.hr\/hr\/wp-json\/wp\/v2\/media?parent=366"}],"curies":[{"name":"wp","href":"https:\/\/api.w.org\/{rel}","templated":true}]}}