{"id":626,"date":"2020-03-07T18:22:25","date_gmt":"2020-03-07T18:22:25","guid":{"rendered":"https:\/\/aeroelastic.hr\/product\/aeroelastic-ae-saddle\/"},"modified":"2021-03-20T09:30:22","modified_gmt":"2021-03-20T09:30:22","slug":"aeroelastic-ae-saddle","status":"publish","type":"product","link":"https:\/\/aeroelastic.hr\/hr\/product\/aeroelastic-ae-saddle\/","title":{"rendered":"AEROELASTIC AE Saddle"},"content":{"rendered":"<ul class=\"a-unordered-list a-vertical a-spacing-none\">\n<li><span class=\"a-list-item\">Apsolutno sedlo bez bolova.<\/span><\/li>\n<li><span class=\"a-list-item\">Ne vr\u0161ite pritisak na podru\u010dje prepona.<\/span><\/li>\n<li><span class=\"a-list-item\">Sjedalo koje je najprikladnije za prostatu.<\/span><\/li>\n<li><span class=\"a-list-item\">Najudobnije sjedalo za bicikl za dugu vo\u017enju.<\/span><\/li>\n<li><span class=\"a-list-item\">Meko sjedalo<\/span><\/li>\n<\/ul>\n","protected":false},"excerpt":{"rendered":"<p>Apsolutno sedlo bez bolova. Ne vr\u0161ite pritisak na podru\u010dje prepona. Sjedalo koje je najprikladnije za prostatu. Najudobnije sjedalo za bicikl za dugu vo\u017enju. Meko sjedalo<\/p>\n","protected":false},"featured_media":595,"comment_status":"closed","ping_status":"closed","template":"","meta":[],"product_brand":[],"product_cat":[31],"product_tag":[],"class_list":{"0":"post-626","1":"product","2":"type-product","3":"status-publish","4":"has-post-thumbnail","6":"product_cat-uncategorized-hr","8":"first","9":"instock","10":"shipping-taxable","11":"purchasable","12":"product-type-simple"},"_links":{"self":[{"href":"https:\/\/aeroelastic.hr\/hr\/wp-json\/wp\/v2\/product\/626","targetHints":{"allow":["GET"]}}],"collection":[{"href":"https:\/\/aeroelastic.hr\/hr\/wp-json\/wp\/v2\/product"}],"about":[{"href":"https:\/\/aeroelastic.hr\/hr\/wp-json\/wp\/v2\/types\/product"}],"replies":[{"embeddable":true,"href":"https:\/\/aeroelastic.hr\/hr\/wp-json\/wp\/v2\/comments?post=626"}],"wp:featuredmedia":[{"embeddable":true,"href":"https:\/\/aeroelastic.hr\/hr\/wp-json\/wp\/v2\/media\/595"}],"wp:attachment":[{"href":"https:\/\/aeroelastic.hr\/hr\/wp-json\/wp\/v2\/media?parent=626"}],"wp:term":[{"taxonomy":"product_brand","embeddable":true,"href":"https:\/\/aeroelastic.hr\/hr\/wp-json\/wp\/v2\/product_brand?post=626"},{"taxonomy":"product_cat","embeddable":true,"href":"https:\/\/aeroelastic.hr\/hr\/wp-json\/wp\/v2\/product_cat?post=626"},{"taxonomy":"product_tag","embeddable":true,"href":"https:\/\/aeroelastic.hr\/hr\/wp-json\/wp\/v2\/product_tag?post=626"}],"curies":[{"name":"wp","href":"https:\/\/api.w.org\/{rel}","templated":true}]}}