{"id":368,"date":"2020-03-16T12:59:48","date_gmt":"2020-03-16T12:59:48","guid":{"rendered":"https:\/\/aeroelastic.hr\/condizioni-contrattuali\/"},"modified":"2020-03-16T12:59:49","modified_gmt":"2020-03-16T12:59:49","slug":"condizioni-contrattuali","status":"publish","type":"page","link":"https:\/\/aeroelastic.hr\/it\/condizioni-contrattuali\/","title":{"rendered":"CONDIZIONI CONTRATTUALI"},"content":{"rendered":"\n<p>La preghiamo di contattarci tramite posta elettronica includendo le informazioni seguenti: il modello esatto del prodotto e la quantit\u00e0 richiesta, il suo nome e cognome, l\u2019indirizzo di consegna, il numero telefonico e il metodo desiderato del pagamento. Se ha bisogno di ricevere una ricevuta commerciale per la sua impresa, la preghiamo di includere tutte le informazioni necessarie dell\u2019impresa (cio\u00e8 il numero IVA, l\u2019indirizzo di fatturazione, l\u2019indirizzo di spedizione, le informazioni di contatto \u2013 i recapiti e qualsiasi informazione ulteriore che considera rilevante). <\/p>\n\n<p>Tutti gli ordini ricevuti da luned\u00ec a venerd\u00ec saranno trattati lo stesso giorno e inviati tramite posta croata nel corso di una giornata lavorativa dal momento di ricezione dell\u2019ordine. Gli ordini fatti venerd\u00ec sono abitualmente spediti via luned\u00ec seguente. Gli ordini fatti durante i fine settimana sono spediti abitualmente gioved\u00ec. Per gli ordini internazionali non possiamo offrire la modalit\u00e0 del pagamento dopo la consegna, e perci\u00f2 il pagamento va fatto in anticipo tramite il bonifico bancario \u2013 trasferimento diretto oppure tramite PayPal. <\/p>\n\n<p>I costi di spedizione variano dipendendo dal paese di consegna e dal peso totale del pacco. I costi di spedizione sono calcolati prima del pagamento e sono inclusi nel prezzo finale e totale. Per un prezzo preliminare e informativo dei costi di spedizione, noi abbiamo messo alla vostra disposizione la calcolatrice della Posta Croata sulle pagine: https:\/\/www.posta.hr\/default.aspx?izracun&amp;id = 3417. Noi usiamo la posta elettronica registrata di priorit\u00e0 perch\u00e9 in questo modo il cliente pu\u00f2 tracciare la spedizione in qualsiasi momento su: https:\/\/www.posta.hr\/default.aspx?id=3701. <\/p>\n\n<p>Questo \u0450 un servizio di spedizione predefinito. Se vuole utilizzare un modo alternativo a un prezzo pi\u00f9 conveniente senza il numero di tracking, la preghiamo di contattarci al nostro indirizzo della posta elettronica oppure al nostro numero telefonico. Il cliente deve pagare tutti i costi di spedizione che includono anche i cambiamenti, le restituzioni, le richieste di garanzia. Per i rimborsi, le restituzioni delle tasse i le richieste di garanzia, la preghiamo di contattarci tramite il nostro indirizzo di posta elettronica oppure al nostro numero di telefono, prima della spedizione del pacco al nostro indirizzo. <\/p>\n\n<p>I rimborsi completi sono possibili solo nel caso del prodotto restituito senza danni, nell\u2019imballo originale del prodotto, non danneggiato, senza qualsiasi traccia visibile dell\u2019utilizzo e a patto che la richiesta per la restituzione sia fatta nel periodo di 7 giorni dalla ricezione del pacco. La preghiamo di tenere qualsiasi tipo di ricevuta postale che include la data di consegna al suo indirizzo di spedizione\/consegna. Se ha scelto il metodo locale di consegna per la raccolta del pacco (pickup), deve tenere presente che noi teniamo il suo pacco nel nostro magazzino per 60 giorni dalla data dell\u2019ordine. <\/p>\n\n<p>Dopo questo periodo noi addebitiamo la tariffa per l\u2019immagazzinamento di 2 Euro (IVA inclusa) al giorno ed il suo pacco pu\u00f2 essere consegnato oppure raccolto localmente solo dopo il pagamento completo della tariffa dell\u2019immagazzinamento. <\/p>\n\n<p>Il pagamento della tariffa del magazzino pu\u00f2 essere eseguito tramite il bonifico bancario diretto \u2013 trasferimento diretto del pagamento, tramite PayPal oppure nel nostro negozio (solo in kune croate). La societ\u00e0 AEROELASTIC j.d.o.o. non assume la responsabilit\u00e0 per qualsiasi danno ai beni oppure al pacco, occorsi durante la consegna e non assume la responsabilit\u00e0 per il trattamento inesperto oppure per l\u2019utilizzo inadatto dei prodotti ordinati. Per qualsiasi informazione aggiuntiva, per i reclami, i commenti, i ringraziamenti o le suggestioni, la preghiamo di non esitare a contattarci. Durante gli acquisti fatti online nel nostro negozio web, il suo consenso \u0450 automaticamente concesso per tutte le condizioni contrattuali.<\/p>\n","protected":false},"excerpt":{"rendered":"<p>La preghiamo di contattarci tramite posta elettronica includendo le informazioni seguenti: il modello esatto del prodotto e la quantit\u00e0 richiesta, il suo nome e cognome, l\u2019indirizzo di consegna, il numero telefonico e il metodo desiderato del pagamento. Se ha bisogno di ricevere una ricevuta commerciale per la sua impresa, la preghiamo di includere tutte le [&hellip;]<\/p>\n","protected":false},"author":41,"featured_media":0,"parent":0,"menu_order":0,"comment_status":"closed","ping_status":"closed","template":"","meta":{"footnotes":""},"class_list":["post-368","page","type-page","status-publish","hentry"],"_links":{"self":[{"href":"https:\/\/aeroelastic.hr\/it\/wp-json\/wp\/v2\/pages\/368","targetHints":{"allow":["GET"]}}],"collection":[{"href":"https:\/\/aeroelastic.hr\/it\/wp-json\/wp\/v2\/pages"}],"about":[{"href":"https:\/\/aeroelastic.hr\/it\/wp-json\/wp\/v2\/types\/page"}],"author":[{"embeddable":true,"href":"https:\/\/aeroelastic.hr\/it\/wp-json\/wp\/v2\/users\/41"}],"replies":[{"embeddable":true,"href":"https:\/\/aeroelastic.hr\/it\/wp-json\/wp\/v2\/comments?post=368"}],"version-history":[{"count":1,"href":"https:\/\/aeroelastic.hr\/it\/wp-json\/wp\/v2\/pages\/368\/revisions"}],"predecessor-version":[{"id":369,"href":"https:\/\/aeroelastic.hr\/it\/wp-json\/wp\/v2\/pages\/368\/revisions\/369"}],"wp:attachment":[{"href":"https:\/\/aeroelastic.hr\/it\/wp-json\/wp\/v2\/media?parent=368"}],"curies":[{"name":"wp","href":"https:\/\/api.w.org\/{rel}","templated":true}]}}