{"id":387,"date":"2020-03-16T13:40:14","date_gmt":"2020-03-16T13:40:14","guid":{"rendered":"https:\/\/aeroelastic.hr\/testimonianze\/"},"modified":"2020-03-25T13:08:36","modified_gmt":"2020-03-25T13:08:36","slug":"testimonianze","status":"publish","type":"page","link":"https:\/\/aeroelastic.hr\/it\/testimonianze\/","title":{"rendered":"Testimonianze"},"content":{"rendered":"\t\t<div data-elementor-type=\"wp-page\" data-elementor-id=\"387\" class=\"elementor elementor-387\" data-elementor-post-type=\"page\">\n\t\t\t\t\t\t<section class=\"elementor-section elementor-top-section elementor-element elementor-element-f6de42a elementor-section-boxed elementor-section-height-default elementor-section-height-default\" data-id=\"f6de42a\" data-element_type=\"section\" data-e-type=\"section\" data-settings=\"{&quot;jet_parallax_layout_list&quot;:[{&quot;jet_parallax_layout_image&quot;:{&quot;url&quot;:&quot;&quot;,&quot;id&quot;:&quot;&quot;,&quot;size&quot;:&quot;&quot;},&quot;_id&quot;:&quot;52bf22c&quot;,&quot;jet_parallax_layout_image_tablet&quot;:{&quot;url&quot;:&quot;&quot;,&quot;id&quot;:&quot;&quot;,&quot;size&quot;:&quot;&quot;},&quot;jet_parallax_layout_image_mobile&quot;:{&quot;url&quot;:&quot;&quot;,&quot;id&quot;:&quot;&quot;,&quot;size&quot;:&quot;&quot;},&quot;jet_parallax_layout_speed&quot;:{&quot;unit&quot;:&quot;%&quot;,&quot;size&quot;:50,&quot;sizes&quot;:[]},&quot;jet_parallax_layout_type&quot;:&quot;scroll&quot;,&quot;jet_parallax_layout_direction&quot;:&quot;1&quot;,&quot;jet_parallax_layout_fx_direction&quot;:null,&quot;jet_parallax_layout_z_index&quot;:&quot;&quot;,&quot;jet_parallax_layout_bg_x&quot;:50,&quot;jet_parallax_layout_bg_y&quot;:50,&quot;jet_parallax_layout_bg_size&quot;:&quot;auto&quot;,&quot;jet_parallax_layout_animation_prop&quot;:&quot;transform&quot;,&quot;jet_parallax_layout_on&quot;:[&quot;desktop&quot;,&quot;tablet&quot;],&quot;jet_parallax_layout_bg_x_tablet&quot;:&quot;&quot;,&quot;jet_parallax_layout_bg_x_mobile&quot;:&quot;&quot;,&quot;jet_parallax_layout_bg_y_tablet&quot;:&quot;&quot;,&quot;jet_parallax_layout_bg_y_mobile&quot;:&quot;&quot;,&quot;jet_parallax_layout_bg_size_tablet&quot;:&quot;&quot;,&quot;jet_parallax_layout_bg_size_mobile&quot;:&quot;&quot;}]}\">\n\t\t\t\t\t\t<div class=\"elementor-container elementor-column-gap-default\">\n\t\t\t\t\t<div class=\"elementor-column elementor-col-100 elementor-top-column elementor-element elementor-element-7a8a69b\" data-id=\"7a8a69b\" data-element_type=\"column\" data-e-type=\"column\">\n\t\t\t<div class=\"elementor-widget-wrap elementor-element-populated\">\n\t\t\t\t\t\t<div class=\"elementor-element elementor-element-429f69e elementor-widget elementor-widget-heading\" data-id=\"429f69e\" data-element_type=\"widget\" data-e-type=\"widget\" data-widget_type=\"heading.default\">\n\t\t\t\t<div class=\"elementor-widget-container\">\n\t\t\t\t\t<h2 class=\"elementor-heading-title elementor-size-default\">Testimonianze<\/h2>\t\t\t\t<\/div>\n\t\t\t\t<\/div>\n\t\t\t\t<div class=\"elementor-element elementor-element-a985839 elementor-widget elementor-widget-jet-testimonials\" data-id=\"a985839\" data-element_type=\"widget\" data-e-type=\"widget\" data-settings=\"{&quot;slides_to_show&quot;:&quot;3&quot;,&quot;slides_to_scroll&quot;:&quot;3&quot;}\" data-widget_type=\"jet-testimonials.default\">\n\t\t\t\t<div class=\"elementor-widget-container\">\n\t\t\t\t\t<div class=\"elementor-jet-testimonials jet-elements\">\n<div class=\"jet-testimonials jet-equal-cols\">\n\t<div class=\"jet-testimonials__instance elementor-slick-slider\"data-settings='{&quot;autoplaySpeed&quot;:5000,&quot;autoplay&quot;:true,&quot;infinite&quot;:true,&quot;centerMode&quot;:false,&quot;centerPadding&quot;:&quot;50px&quot;,&quot;adaptiveHeight&quot;:true,&quot;pauseOnHover&quot;:false,&quot;speed&quot;:500,&quot;arrows&quot;:true,&quot;dots&quot;:false,&quot;slidesToScroll&quot;:3,&quot;prevArrow&quot;:&quot;.jet-testimonial__prev-arrow-a985839&quot;,&quot;nextArrow&quot;:&quot;.jet-testimonial__next-arrow-a985839&quot;,&quot;rtl&quot;:false}' dir=\"ltr\"><div class=\"jet-testimonial__prev-arrow-a985839 jet-arrow prev-arrow\"><i aria-hidden=\"true\" class=\"fas fa-angle-left\"><\/i><\/div><div class=\"jet-testimonial__next-arrow-a985839 jet-arrow next-arrow\"><i aria-hidden=\"true\" class=\"fas fa-angle-right\"><\/i><\/div><div class=\"jet-testimonials__item\">\n\t<div class=\"jet-testimonials__item-inner\">\n\t\t\t\t<div class=\"jet-testimonials__content\"><figure class=\"jet-testimonials__figure\"><img decoding=\"async\" class=\"jet-testimonials__tag-img\" src=\"https:\/\/aeroelastic.hr\/wp-content\/uploads\/2019\/10\/Untitled-1-1070x1080.jpg\" alt=\"Untitled-1-1070x1080\" loading=\"lazy\"><\/figure><h5 class=\"jet-testimonials__title\">La aeroelastic invece appena provata \u00e8 stato subito feeling<\/h5><div class=\"jet-testimonials__comment\">Salve, utilizzo la sella AEROELASTIC da diversi mesi ed ho percorso circa 5000km\u2026che dire la quadratura del cerchio!\nAnni fa ho avuto i classici problemi al sotto sella che per un po\u2019 mi costrinsero a non pedalare poi sono tornato in bici grazie ad un altra sella \u201calternativa\u201d che si escludeva ogni pressione perineale ma era ingombrante, pesante, esteticamente impattante e soprattutto assolutamente poco rigida e determinava la perdita di diversi watt.\nLa aeroelastic invece appena provata \u00e8 stato subito feeling.\nInnanzitutto confermo la assoluta esclusione di qualsiasi pressione perineale ma a questo fondamentale requisito si aggiungono la leggerezza, l\u2019estetica gradevole e la rigidit\u00e0.\nDa seduti riferendosi all\u2019estetica si nota fondamentalmente solo la punta in carbonio che favorisce anche la guidabilit\u00e0 in discesa Ma quello che mi ha sorpreso \u00e8 stata la rigidit\u00e0 ho ritrovato le sensazioni di pedalata assolutamente efficace che avevo quando usavo selle tradizionali performanti ma stavolta preservando la mia salute.<\/div><div class=\"jet-testimonials__name\"><span>Salvatore Di Stefano<\/span><\/div><div class=\"jet-testimonials__position\"><span>Italy, 27 luglio, 2019<\/span><\/div><div class=\"jet-testimonials__rating\" data-rating=\"5\"><i aria-hidden=\"true\" data-star=\"fas fa-star\" data-active-star=\"fas fa-star\"><\/i><i aria-hidden=\"true\" data-star=\"fas fa-star\" data-active-star=\"fas fa-star\"><\/i><i aria-hidden=\"true\" data-star=\"fas fa-star\" data-active-star=\"fas fa-star\"><\/i><i aria-hidden=\"true\" data-star=\"fas fa-star\" data-active-star=\"fas fa-star\"><\/i><i aria-hidden=\"true\" data-star=\"fas fa-star\" data-active-star=\"fas fa-star\"><\/i><\/div><\/div>\n\t\t\t<\/div>\n<\/div>\n\n<div class=\"jet-testimonials__item\">\n\t<div class=\"jet-testimonials__item-inner\">\n\t\t\t\t<div class=\"jet-testimonials__content\"><figure class=\"jet-testimonials__figure\"><img decoding=\"async\" class=\"jet-testimonials__tag-img\" src=\"https:\/\/aeroelastic.hr\/wp-content\/uploads\/2020\/03\/98399604-afca-42d1-aab8-e2bc75f6889f._CR00479479_SX460_.jpg\" alt=\"98399604-afca-42d1-aab8-e2bc75f6889f._CR0,0,479,479_SX460_\" loading=\"lazy\"><\/figure><h5 class=\"jet-testimonials__title\">Eyes bike seat recensione<\/h5><div class=\"jet-testimonials__comment\">Ho fatto circa 1000km con questa sella su bici da strada.\nAffatica un po\u2019 le spalle e va tenuta leggermente pi\u00f9 bassa, a discapito della spinta ottimale, per\u00f2 \u00e8 un ottima soluzione per chi ha problemi di prostata e non pu\u00f2 usare una sella classica.\nIl\u201dnaso\u201d ribassato permette una buona guidabilit\u00e0 anche in discesa.\nLa consiglio a chi come me ha temuto di non poter pi\u00f9 andare in bici, ora riesco a fare uscite da 3-4 ore.<\/div><div class=\"jet-testimonials__name\"><span>Valter<\/span><\/div><div class=\"jet-testimonials__position\"><span>Italy, 12 dicembre, 2019<\/span><\/div><div class=\"jet-testimonials__rating\" data-rating=\"5\"><i aria-hidden=\"true\" data-star=\"fas fa-star\" data-active-star=\"fas fa-star\"><\/i><i aria-hidden=\"true\" data-star=\"fas fa-star\" data-active-star=\"fas fa-star\"><\/i><i aria-hidden=\"true\" data-star=\"fas fa-star\" data-active-star=\"fas fa-star\"><\/i><i aria-hidden=\"true\" data-star=\"fas fa-star\" data-active-star=\"fas fa-star\"><\/i><i aria-hidden=\"true\" data-star=\"fas fa-star\" data-active-star=\"fas fa-star\"><\/i><\/div><\/div>\n\t\t\t<\/div>\n<\/div>\n\n<div class=\"jet-testimonials__item\">\n\t<div class=\"jet-testimonials__item-inner\">\n\t\t\t\t<div class=\"jet-testimonials__content\"><figure class=\"jet-testimonials__figure\"><img decoding=\"async\" class=\"jet-testimonials__tag-img\" src=\"https:\/\/aeroelastic.hr\/wp-content\/uploads\/2020\/03\/71Do2EdeDYL._SY88.jpg\" alt=\"71Do2EdeDYL._SY88\" loading=\"lazy\"><\/figure><h5 class=\"jet-testimonials__title\">Aeroelastic Eye saddle<\/h5><div class=\"jet-testimonials__comment\">Dopo l\u2019operazione, avevo deciso di vendere la mia bicicletta da corsa in carbonio, praticamente mai usata. Questo dopo che nessuna sella specifica aveva risolto il mio disagio e che il mio urologo me ne aveva vietato l\u2019uso.\n\nDopo un\u2019ultima ricerca in internet, ho trovato una proposta interessante e grazie al sig. Mico, sono riuscito a provare la Aeroelastic.\n\nHo pedalato per ore, fino a fare 95km.\nSenza nessuna sofferenza! Senza accusare i classici disturbi alla prostata.\n\nLa regolazione della sella \u00e8 una questione tutta da sviluppare, ma ringrazio fin d\u2019ora i progettisti di questo prodotto innovativo.\n\nMaurizio.<\/div><div class=\"jet-testimonials__name\"><span>Maurizio<\/span><\/div><div class=\"jet-testimonials__position\"><span>Italy, 18 ottobre, 2019<\/span><\/div><div class=\"jet-testimonials__rating\" data-rating=\"5\"><i aria-hidden=\"true\" data-star=\"fas fa-star\" data-active-star=\"fas fa-star\"><\/i><i aria-hidden=\"true\" data-star=\"fas fa-star\" data-active-star=\"fas fa-star\"><\/i><i aria-hidden=\"true\" data-star=\"fas fa-star\" data-active-star=\"fas fa-star\"><\/i><i aria-hidden=\"true\" data-star=\"fas fa-star\" data-active-star=\"fas fa-star\"><\/i><i aria-hidden=\"true\" data-star=\"fas fa-star\" data-active-star=\"fas fa-star\"><\/i><\/div><\/div>\n\t\t\t<\/div>\n<\/div>\n\n<div class=\"jet-testimonials__item\">\n\t<div class=\"jet-testimonials__item-inner\">\n\t\t\t\t<div class=\"jet-testimonials__content\"><figure class=\"jet-testimonials__figure\"><img decoding=\"async\" class=\"jet-testimonials__tag-img\" src=\"https:\/\/aeroelastic.hr\/wp-content\/uploads\/2020\/03\/team-26.jpg\" alt=\"team-26.jpg\" loading=\"lazy\"><\/figure><h5 class=\"jet-testimonials__title\">La cosa pi\u00f9 importante \u00e8 che sono ritornato a fare uso della mia amata bici.<\/h5><div class=\"jet-testimonials__comment\">Salve,\nVolevo dirle che sto usando Eyes saddle nonostante i miei gravi problemi fisici (intervento alla prostata e conseguente stenosi uretrale) dopo averla fatta vedere al mio urologo. Devo sottolineare con mio sommo piacere che non sto avendo nessuna controindicazione tranne un piccolo fastidio alle ossa ischiatiche che sono adesso pi\u00f9 sollecitate ed un sovraccarico alle braccia causate dalla posizione in bici un po\u2019 diversa. La cosa pi\u00f9 importante \u00e8 che sono ritornato a fare uso della mia amata bici.\nCordiali saluti.<\/div><div class=\"jet-testimonials__name\"><span>Gaetano Lombardo<\/span><\/div><div class=\"jet-testimonials__position\"><span>Italy,  17 agosto, 2019<\/span><\/div><div class=\"jet-testimonials__rating\" data-rating=\"5\"><i aria-hidden=\"true\" data-star=\"fas fa-star\" data-active-star=\"fas fa-star\"><\/i><i aria-hidden=\"true\" data-star=\"fas fa-star\" data-active-star=\"fas fa-star\"><\/i><i aria-hidden=\"true\" data-star=\"fas fa-star\" data-active-star=\"fas fa-star\"><\/i><i aria-hidden=\"true\" data-star=\"fas fa-star\" data-active-star=\"fas fa-star\"><\/i><i aria-hidden=\"true\" data-star=\"fas fa-star\" data-active-star=\"fas fa-star\"><\/i><\/div><\/div>\n\t\t\t<\/div>\n<\/div>\n\n<\/div>\n<\/div>\n<\/div>\t\t\t\t<\/div>\n\t\t\t\t<\/div>\n\t\t\t\t\t<\/div>\n\t\t<\/div>\n\t\t\t\t\t<\/div>\n\t\t<\/section>\n\t\t\t\t<section class=\"elementor-section elementor-top-section elementor-element elementor-element-665144cf elementor-section-boxed elementor-section-height-default elementor-section-height-default\" data-id=\"665144cf\" data-element_type=\"section\" data-e-type=\"section\" data-settings=\"{&quot;jet_parallax_layout_list&quot;:[{&quot;jet_parallax_layout_image&quot;:{&quot;url&quot;:&quot;&quot;,&quot;id&quot;:&quot;&quot;,&quot;size&quot;:&quot;&quot;},&quot;jet_parallax_layout_image_tablet&quot;:{&quot;url&quot;:&quot;&quot;,&quot;id&quot;:&quot;&quot;,&quot;size&quot;:&quot;&quot;},&quot;jet_parallax_layout_image_mobile&quot;:{&quot;url&quot;:&quot;&quot;,&quot;id&quot;:&quot;&quot;,&quot;size&quot;:&quot;&quot;},&quot;jet_parallax_layout_speed&quot;:{&quot;unit&quot;:&quot;%&quot;,&quot;size&quot;:50,&quot;sizes&quot;:[]},&quot;jet_parallax_layout_type&quot;:&quot;scroll&quot;,&quot;jet_parallax_layout_direction&quot;:&quot;1&quot;,&quot;jet_parallax_layout_fx_direction&quot;:null,&quot;jet_parallax_layout_z_index&quot;:&quot;&quot;,&quot;jet_parallax_layout_bg_x&quot;:50,&quot;jet_parallax_layout_bg_y&quot;:50,&quot;jet_parallax_layout_bg_size&quot;:&quot;auto&quot;,&quot;jet_parallax_layout_animation_prop&quot;:&quot;transform&quot;,&quot;jet_parallax_layout_on&quot;:[&quot;desktop&quot;,&quot;tablet&quot;],&quot;_id&quot;:&quot;c773f4a&quot;,&quot;jet_parallax_layout_bg_x_tablet&quot;:&quot;&quot;,&quot;jet_parallax_layout_bg_x_mobile&quot;:&quot;&quot;,&quot;jet_parallax_layout_bg_y_tablet&quot;:&quot;&quot;,&quot;jet_parallax_layout_bg_y_mobile&quot;:&quot;&quot;,&quot;jet_parallax_layout_bg_size_tablet&quot;:&quot;&quot;,&quot;jet_parallax_layout_bg_size_mobile&quot;:&quot;&quot;}]}\">\n\t\t\t\t\t\t<div class=\"elementor-container elementor-column-gap-no\">\n\t\t\t\t\t<div class=\"elementor-column elementor-col-100 elementor-top-column elementor-element elementor-element-347f8fd5\" data-id=\"347f8fd5\" data-element_type=\"column\" data-e-type=\"column\">\n\t\t\t<div class=\"elementor-widget-wrap elementor-element-populated\">\n\t\t\t\t\t\t<div class=\"elementor-element elementor-element-57adcb30 elementor-testimonial--layout-image_stacked elementor-testimonial--skin-default elementor-testimonial--align-center elementor-pagination-type-bullets elementor-widget elementor-widget-testimonial-carousel\" data-id=\"57adcb30\" data-element_type=\"widget\" data-e-type=\"widget\" data-settings=\"{&quot;space_between&quot;:{&quot;unit&quot;:&quot;px&quot;,&quot;size&quot;:23,&quot;sizes&quot;:[]},&quot;slides_per_view&quot;:&quot;3&quot;,&quot;pagination&quot;:&quot;bullets&quot;,&quot;speed&quot;:500,&quot;autoplay&quot;:&quot;yes&quot;,&quot;autoplay_speed&quot;:5000,&quot;loop&quot;:&quot;yes&quot;,&quot;pause_on_hover&quot;:&quot;yes&quot;,&quot;pause_on_interaction&quot;:&quot;yes&quot;,&quot;space_between_tablet&quot;:{&quot;unit&quot;:&quot;px&quot;,&quot;size&quot;:10,&quot;sizes&quot;:[]},&quot;space_between_mobile&quot;:{&quot;unit&quot;:&quot;px&quot;,&quot;size&quot;:10,&quot;sizes&quot;:[]}}\" data-widget_type=\"testimonial-carousel.default\">\n\t\t\t\t<div class=\"elementor-widget-container\">\n\t\t\t\t\t\t\t\t\t<div class=\"elementor-swiper\">\n\t\t\t\t\t<div class=\"elementor-main-swiper swiper\" role=\"region\" aria-roledescription=\"carousel\" aria-label=\"Slides\">\n\t\t\t\t<div class=\"swiper-wrapper\">\n\t\t\t\t\t\t\t\t\t\t\t<div class=\"swiper-slide\" role=\"group\" aria-roledescription=\"slide\">\n\t\t\t\t\t\t\t\t\t<div class=\"elementor-testimonial\">\n\t\t\t\t\t\t\t<div class=\"elementor-testimonial__content\">\n\t\t\t\t\t<div class=\"elementor-testimonial__text\">\n\t\t\t\t\t\t<p>It is a long established fact that a reader will be distracted by the readable content of a page when looking at its layout. The point of using Lorem Ipsum is that it has a more-or-less normal<\/p>\n\t\t\t\t\t<\/div>\n\t\t\t\t\t\t\t\t\t<\/div>\n\t\t\t\t\t\t<div class=\"elementor-testimonial__footer\">\n\t\t\t\t\t\t\t\t\t<div class=\"elementor-testimonial__image\">\n\t\t\t\t\t\t<img decoding=\"async\" src=\"https:\/\/aeroelastic.hr\/wp-content\/uploads\/2020\/03\/ava1.png\" alt=\"Amanda Lee\">\n\t\t\t\t\t\t\t\t\t\t\t<\/div>\n\t\t\t\t\t\t\t\t<cite class=\"elementor-testimonial__cite\"><span class=\"elementor-testimonial__name\">Amanda Lee<\/span><span class=\"elementor-testimonial__title\">No pressure!<\/span><\/cite>\t\t\t<\/div>\n\t\t<\/div>\n\t\t\t\t\t\t\t\t<\/div>\n\t\t\t\t\t\t\t\t\t\t\t<div class=\"swiper-slide\" role=\"group\" aria-roledescription=\"slide\">\n\t\t\t\t\t\t\t\t\t<div class=\"elementor-testimonial\">\n\t\t\t\t\t\t\t<div class=\"elementor-testimonial__content\">\n\t\t\t\t\t<div class=\"elementor-testimonial__text\">\n\t\t\t\t\t\t<p>It is a long established fact that a reader will be distracted by the readable content of a page when looking at its layout. The point of using Lorem Ipsum is that it has a more-or-less normal<\/p>\n\t\t\t\t\t<\/div>\n\t\t\t\t\t\t\t\t\t<\/div>\n\t\t\t\t\t\t<div class=\"elementor-testimonial__footer\">\n\t\t\t\t\t\t\t\t\t<div class=\"elementor-testimonial__image\">\n\t\t\t\t\t\t<img decoding=\"async\" src=\"https:\/\/aeroelastic.hr\/wp-content\/uploads\/2020\/03\/y12.png\" alt=\"Mike Stuart\">\n\t\t\t\t\t\t\t\t\t\t\t<\/div>\n\t\t\t\t\t\t\t\t<cite class=\"elementor-testimonial__cite\"><span class=\"elementor-testimonial__name\">Mike Stuart<\/span><span class=\"elementor-testimonial__title\">Graphic Designer<\/span><\/cite>\t\t\t<\/div>\n\t\t<\/div>\n\t\t\t\t\t\t\t\t<\/div>\n\t\t\t\t\t\t\t\t\t\t\t<div class=\"swiper-slide\" role=\"group\" aria-roledescription=\"slide\">\n\t\t\t\t\t\t\t\t\t<div class=\"elementor-testimonial\">\n\t\t\t\t\t\t\t<div class=\"elementor-testimonial__content\">\n\t\t\t\t\t<div class=\"elementor-testimonial__text\">\n\t\t\t\t\t\t<p>It is a long established fact that a reader will be distracted by the readable content of a page when looking at its layout. The point of using Lorem Ipsum is that it has a more-or-less normal<\/p>\n\t\t\t\t\t<\/div>\n\t\t\t\t\t\t\t\t\t<\/div>\n\t\t\t\t\t\t<div class=\"elementor-testimonial__footer\">\n\t\t\t\t\t\t\t\t\t<div class=\"elementor-testimonial__image\">\n\t\t\t\t\t\t<img decoding=\"async\" src=\"https:\/\/aeroelastic.hr\/wp-content\/uploads\/2020\/03\/y8.png\" alt=\"Samanta Kocs\">\n\t\t\t\t\t\t\t\t\t\t\t<\/div>\n\t\t\t\t\t\t\t\t<cite class=\"elementor-testimonial__cite\"><span class=\"elementor-testimonial__name\">Samanta Kocs<\/span><span class=\"elementor-testimonial__title\">UI \/ UX Designer<\/span><\/cite>\t\t\t<\/div>\n\t\t<\/div>\n\t\t\t\t\t\t\t\t<\/div>\n\t\t\t\t\t\t\t\t\t\t\t<div class=\"swiper-slide\" role=\"group\" aria-roledescription=\"slide\">\n\t\t\t\t\t\t\t\t\t<div class=\"elementor-testimonial\">\n\t\t\t\t\t\t\t<div class=\"elementor-testimonial__content\">\n\t\t\t\t\t<div class=\"elementor-testimonial__text\">\n\t\t\t\t\t\t<p>It is a long established fact that a reader will be distracted by the readable content of a page when looking at its layout. The point of using Lorem Ipsum is that it has a more-or-less normal<\/p>\n\t\t\t\t\t<\/div>\n\t\t\t\t\t\t\t\t\t<\/div>\n\t\t\t\t\t\t<div class=\"elementor-testimonial__footer\">\n\t\t\t\t\t\t\t\t\t<div class=\"elementor-testimonial__image\">\n\t\t\t\t\t\t<img decoding=\"async\" src=\"https:\/\/aeroelastic.hr\/wp-content\/uploads\/2020\/03\/y11.png\" alt=\"Tommy Lee\">\n\t\t\t\t\t\t\t\t\t\t\t<\/div>\n\t\t\t\t\t\t\t\t<cite class=\"elementor-testimonial__cite\"><span class=\"elementor-testimonial__name\">Tommy Lee<\/span><span class=\"elementor-testimonial__title\">Manager<\/span><\/cite>\t\t\t<\/div>\n\t\t<\/div>\n\t\t\t\t\t\t\t\t<\/div>\n\t\t\t\t\t\t\t\t\t\t\t<div class=\"swiper-slide\" role=\"group\" aria-roledescription=\"slide\">\n\t\t\t\t\t\t\t\t\t<div class=\"elementor-testimonial\">\n\t\t\t\t\t\t\t<div class=\"elementor-testimonial__content\">\n\t\t\t\t\t<div class=\"elementor-testimonial__text\">\n\t\t\t\t\t\t<p>It is a long established fact that a reader will be distracted by the readable content of a page when looking at its layout. The point of using Lorem Ipsum is that it has a more-or-less normal<\/p>\n\t\t\t\t\t<\/div>\n\t\t\t\t\t\t\t\t\t<\/div>\n\t\t\t\t\t\t<div class=\"elementor-testimonial__footer\">\n\t\t\t\t\t\t\t\t\t<div class=\"elementor-testimonial__image\">\n\t\t\t\t\t\t<img decoding=\"async\" src=\"https:\/\/aeroelastic.hr\/wp-content\/uploads\/2020\/03\/y10.png\" alt=\"Mila Din\">\n\t\t\t\t\t\t\t\t\t\t\t<\/div>\n\t\t\t\t\t\t\t\t<cite class=\"elementor-testimonial__cite\"><span class=\"elementor-testimonial__name\">Mila Din<\/span><span class=\"elementor-testimonial__title\">Support<\/span><\/cite>\t\t\t<\/div>\n\t\t<\/div>\n\t\t\t\t\t\t\t\t<\/div>\n\t\t\t\t\t\t\t\t\t<\/div>\n\t\t\t\t\t\t\t\t\t\t\t\t\t\t\t\t\t\t\t\t<div class=\"swiper-pagination\"><\/div>\n\t\t\t\t\t\t\t\t\t\t\t\t<\/div>\n\t\t\t\t<\/div>\n\t\t\t\t\t\t\t\t<\/div>\n\t\t\t\t<\/div>\n\t\t\t\t\t<\/div>\n\t\t<\/div>\n\t\t\t\t\t<\/div>\n\t\t<\/section>\n\t\t\t\t<\/div>\n\t\t","protected":false},"excerpt":{"rendered":"<p>Testimonianze La aeroelastic invece appena provata \u00e8 stato subito feeling Salve, utilizzo la sella AEROELASTIC da diversi mesi ed ho percorso circa 5000km\u2026che dire la quadratura del cerchio! Anni fa ho avuto i classici problemi al sotto sella che per un po\u2019 mi costrinsero a non pedalare poi sono tornato in bici grazie ad un [&hellip;]<\/p>\n","protected":false},"author":41,"featured_media":0,"parent":0,"menu_order":0,"comment_status":"closed","ping_status":"closed","template":"elementor_header_footer","meta":{"footnotes":""},"class_list":["post-387","page","type-page","status-publish","hentry"],"_links":{"self":[{"href":"https:\/\/aeroelastic.hr\/it\/wp-json\/wp\/v2\/pages\/387","targetHints":{"allow":["GET"]}}],"collection":[{"href":"https:\/\/aeroelastic.hr\/it\/wp-json\/wp\/v2\/pages"}],"about":[{"href":"https:\/\/aeroelastic.hr\/it\/wp-json\/wp\/v2\/types\/page"}],"author":[{"embeddable":true,"href":"https:\/\/aeroelastic.hr\/it\/wp-json\/wp\/v2\/users\/41"}],"replies":[{"embeddable":true,"href":"https:\/\/aeroelastic.hr\/it\/wp-json\/wp\/v2\/comments?post=387"}],"version-history":[{"count":2,"href":"https:\/\/aeroelastic.hr\/it\/wp-json\/wp\/v2\/pages\/387\/revisions"}],"predecessor-version":[{"id":423,"href":"https:\/\/aeroelastic.hr\/it\/wp-json\/wp\/v2\/pages\/387\/revisions\/423"}],"wp:attachment":[{"href":"https:\/\/aeroelastic.hr\/it\/wp-json\/wp\/v2\/media?parent=387"}],"curies":[{"name":"wp","href":"https:\/\/api.w.org\/{rel}","templated":true}]}}